{"id":84,"date":"2019-09-01T15:18:45","date_gmt":"2019-09-01T13:18:45","guid":{"rendered":"http:\/\/crac-asbl.org\/?page_id=84"},"modified":"2019-10-06T21:19:21","modified_gmt":"2019-10-06T19:19:21","slug":"poussieres-et-sante","status":"publish","type":"page","link":"https:\/\/crac-asbl.org\/?page_id=84","title":{"rendered":"Poussi\u00e8res et sant\u00e9"},"content":{"rendered":"\n<p>La pollution de l&rsquo;air est un des probl\u00e8mes majeurs engendr\u00e9s par l&rsquo;activit\u00e9 d&rsquo;une carri\u00e8re; et en particulier la pollution aux particules fines engendr\u00e9es par les tirs de mine, concassage, tamisage, moteurs diesel des v\u00e9hicules et des installations fixes.<\/p>\n\n\n\n<p>Vous trouverez ci-dessous le rapport du Pr Alfred BERNARD (toxicologue \u00e0 l&rsquo;UCL); relay\u00e9 par les m\u00e9decins de l&rsquo;entit\u00e9 de Florennes.<\/p>\n\n\n\n<ul><li><a rel=\"noreferrer noopener\" aria-label=\" (s\u2019ouvre dans un nouvel onglet)\" href=\"http:\/\/crac-asbl.org\/wp-content\/uploads\/2019\/09\/UCL-BERNARD_Alfred-20120210-RapportPoussieresEtSante.pdf\" target=\"_blank\">Rapport du Prof. Alfred BERNARD (toxicologue) relatif au risque aux particules fines.<\/a><\/li><li><a href=\"http:\/\/crac-asbl.org\/wp-content\/uploads\/2019\/09\/Florennes-ASBL_SANTE-AvisDesMedecins-20120210.pdf\" target=\"_blank\" rel=\"noreferrer noopener\" aria-label=\" (s\u2019ouvre dans un nouvel onglet)\">Demande des m\u00e9decins de l&rsquo;ASBL Florennes-Sant\u00e9 pour des \u00e9tudes approfondies et le respect d&rsquo;un principe de pr\u00e9caution.<\/a><\/li><\/ul>\n\n\n\n<p><\/p>\n","protected":false},"excerpt":{"rendered":"<p>La pollution de l&rsquo;air est un des probl\u00e8mes majeurs engendr\u00e9s par l&rsquo;activit\u00e9 d&rsquo;une carri\u00e8re; et en particulier la pollution aux particules fines engendr\u00e9es par les tirs de mine, concassage, tamisage, moteurs diesel des v\u00e9hicules et des installations fixes. Vous trouverez ci-dessous le rapport du Pr Alfred BERNARD (toxicologue \u00e0 l&rsquo;UCL); relay\u00e9 par les m\u00e9decins de &hellip; <\/p>\n<p><a class=\"more-link btn\" href=\"https:\/\/crac-asbl.org\/?page_id=84\">Lire la suite<\/a><\/p>\n","protected":false},"author":2,"featured_media":0,"parent":0,"menu_order":0,"comment_status":"closed","ping_status":"closed","template":"","meta":{"_uag_custom_page_level_css":"","footnotes":""},"uagb_featured_image_src":{"full":false,"thumbnail":false,"medium":false,"medium_large":false,"large":false,"1536x1536":false,"2048x2048":false,"graphene_slider":false,"post-thumbnail":false},"uagb_author_info":{"display_name":"CRAC","author_link":"https:\/\/crac-asbl.org\/?author=2"},"uagb_comment_info":0,"uagb_excerpt":"La pollution de l&rsquo;air est un des probl\u00e8mes majeurs engendr\u00e9s par l&rsquo;activit\u00e9 d&rsquo;une carri\u00e8re; et en particulier la pollution aux particules fines engendr\u00e9es par les tirs de mine, concassage, tamisage, moteurs diesel des v\u00e9hicules et des installations fixes. Vous trouverez ci-dessous le rapport du Pr Alfred BERNARD (toxicologue \u00e0 l&rsquo;UCL); relay\u00e9 par les m\u00e9decins de\u2026","_links":{"self":[{"href":"https:\/\/crac-asbl.org\/index.php?rest_route=\/wp\/v2\/pages\/84"}],"collection":[{"href":"https:\/\/crac-asbl.org\/index.php?rest_route=\/wp\/v2\/pages"}],"about":[{"href":"https:\/\/crac-asbl.org\/index.php?rest_route=\/wp\/v2\/types\/page"}],"author":[{"embeddable":true,"href":"https:\/\/crac-asbl.org\/index.php?rest_route=\/wp\/v2\/users\/2"}],"replies":[{"embeddable":true,"href":"https:\/\/crac-asbl.org\/index.php?rest_route=%2Fwp%2Fv2%2Fcomments&post=84"}],"version-history":[{"count":4,"href":"https:\/\/crac-asbl.org\/index.php?rest_route=\/wp\/v2\/pages\/84\/revisions"}],"predecessor-version":[{"id":333,"href":"https:\/\/crac-asbl.org\/index.php?rest_route=\/wp\/v2\/pages\/84\/revisions\/333"}],"wp:attachment":[{"href":"https:\/\/crac-asbl.org\/index.php?rest_route=%2Fwp%2Fv2%2Fmedia&parent=84"}],"curies":[{"name":"wp","href":"https:\/\/api.w.org\/{rel}","templated":true}]}}