{"id":77,"date":"2019-09-01T14:56:54","date_gmt":"2019-09-01T12:56:54","guid":{"rendered":"http:\/\/crac-asbl.org\/?page_id=77"},"modified":"2019-10-06T21:38:48","modified_gmt":"2019-10-06T19:38:48","slug":"thematiques","status":"publish","type":"page","link":"https:\/\/crac-asbl.org\/?page_id=77","title":{"rendered":"Th\u00e9matiques"},"content":{"rendered":"\n<p>Pour acc\u00e9der aux diff\u00e9rentes th\u00e9matiques (l&rsquo;aquif\u00e8re, les poussi\u00e8res, les terres agricoles,&#8230;) cliquez sur les sous-menus; ou sur les liens suivants :<\/p>\n\n\n\n<ul><li><a href=\"http:\/\/crac-asbl.org\/?page_id=75\">La probl\u00e9matique de l&rsquo;eau (aquif\u00e8re)<\/a><\/li><li><a href=\"http:\/\/crac-asbl.org\/?page_id=81\">Les terres agricoles<\/a><\/li><li><a href=\"http:\/\/crac-asbl.org\/?page_id=84\">La sant\u00e9 (bruit, poussi\u00e8res,&#8230;)<\/a><\/li><\/ul>\n","protected":false},"excerpt":{"rendered":"<p>Pour acc\u00e9der aux diff\u00e9rentes th\u00e9matiques (l&rsquo;aquif\u00e8re, les poussi\u00e8res, les terres agricoles,&#8230;) cliquez sur les sous-menus; ou sur les liens suivants : La probl\u00e9matique de l&rsquo;eau (aquif\u00e8re) Les terres agricoles La sant\u00e9 (bruit, poussi\u00e8res,&#8230;)<\/p>\n","protected":false},"author":2,"featured_media":0,"parent":0,"menu_order":0,"comment_status":"closed","ping_status":"closed","template":"","meta":{"_uag_custom_page_level_css":"","footnotes":""},"uagb_featured_image_src":{"full":false,"thumbnail":false,"medium":false,"medium_large":false,"large":false,"1536x1536":false,"2048x2048":false,"graphene_slider":false,"post-thumbnail":false},"uagb_author_info":{"display_name":"CRAC","author_link":"https:\/\/crac-asbl.org\/?author=2"},"uagb_comment_info":0,"uagb_excerpt":"Pour acc\u00e9der aux diff\u00e9rentes th\u00e9matiques (l&rsquo;aquif\u00e8re, les poussi\u00e8res, les terres agricoles,&#8230;) cliquez sur les sous-menus; ou sur les liens suivants : La probl\u00e9matique de l&rsquo;eau (aquif\u00e8re) Les terres agricoles La sant\u00e9 (bruit, poussi\u00e8res,&#8230;)","_links":{"self":[{"href":"https:\/\/crac-asbl.org\/index.php?rest_route=\/wp\/v2\/pages\/77"}],"collection":[{"href":"https:\/\/crac-asbl.org\/index.php?rest_route=\/wp\/v2\/pages"}],"about":[{"href":"https:\/\/crac-asbl.org\/index.php?rest_route=\/wp\/v2\/types\/page"}],"author":[{"embeddable":true,"href":"https:\/\/crac-asbl.org\/index.php?rest_route=\/wp\/v2\/users\/2"}],"replies":[{"embeddable":true,"href":"https:\/\/crac-asbl.org\/index.php?rest_route=%2Fwp%2Fv2%2Fcomments&post=77"}],"version-history":[{"count":5,"href":"https:\/\/crac-asbl.org\/index.php?rest_route=\/wp\/v2\/pages\/77\/revisions"}],"predecessor-version":[{"id":343,"href":"https:\/\/crac-asbl.org\/index.php?rest_route=\/wp\/v2\/pages\/77\/revisions\/343"}],"wp:attachment":[{"href":"https:\/\/crac-asbl.org\/index.php?rest_route=%2Fwp%2Fv2%2Fmedia&parent=77"}],"curies":[{"name":"wp","href":"https:\/\/api.w.org\/{rel}","templated":true}]}}