{"id":279,"date":"2019-10-06T13:08:23","date_gmt":"2019-10-06T11:08:23","guid":{"rendered":"http:\/\/crac-asbl.org\/?page_id=279"},"modified":"2024-01-22T15:38:18","modified_gmt":"2024-01-22T14:38:18","slug":"historique-de-notre-combat","status":"publish","type":"page","link":"https:\/\/crac-asbl.org\/?page_id=279","title":{"rendered":"Historique de notre combat"},"content":{"rendered":"\n<h2 style=\"text-align:center\"><u>30 ans de r\u00e9sistance<\/u><\/h2><br\/>\nDepuis 1993, le CRAC se bat pour d\u00e9fendre la qualit\u00e9 de vie des habitants, nos ressources en eau, nos terres et notre ruralit\u00e9.\n\n\n\n<table style=\"border:1px solid black\" width=\"100%\"><tbody>\n<tr style=\"border:1px solid black\">\n    <td rowspan=\"2\" style=\"border:1px solid black;text-align:center;vertical-align:middle;padding:5px 10px 5px 10px;background-color:#f7f700\"> <strong>C.R.A.C.<\/strong><\/td>\n    <td style=\"border:1px solid black;padding:5px 10px 5px 10px\">Si\u00e8ge social : <br>\n\u2003 Rue du Fourneau, 36<br>\n\u2003 5620    Saint-Aubin (Florennes)\n    <\/td>\n<\/tr>\n<tr>\n    \n    <td style=\"border:1px solid black;padding:5px 10px 5px 10px\">Arrondissement judiciaire de Dinant.<br>\n\u2003  N\u00b0: 451 103 448\n    <\/td>\n<\/tr>\n<tr>\n    <td colspan=\"2\" style=\"text-align:center\">\n<b>C<\/b>omit\u00e9 <b>R<\/b>\u00e9gional <b>A<\/b>nti-<b>C<\/b>arri\u00e8re A.S.B.L.\n    <\/td>\n\n<\/tr><\/tbody><\/table>\n\n\n\n<p><strong>Le 08\/06\/1993 :<\/strong> la S.A. Carmeuse d\u00e9pose une demande de r\u00e9vision du plan de secteur Philippeville-Couvin feuille 53\/5 pour l&rsquo;implantation d&rsquo;une carri\u00e8re de 204 ha \u00e0 Hemptinne, Saint-Aubin; entre Walcourt et Florennes.<\/p>\n\n\n\n<table style=\"border:1px solid black\"><tr><td><b>En ao\u00fbt 1993 est <u>l\u00e9galement constitu\u00e9e<\/u>, l&rsquo;A.S.B.L. CRAC (Comit\u00e9 R\u00e9gional Anti-Carri\u00e8res).<br>Celle-ci a pour objet : \u00ab\u00a0La d\u00e9fense par tous les moyens licites; du respect de l&rsquo;environnement des communes Florennes et de Walcourt.  Notamment par la non-r\u00e9alisation de l&rsquo;implantation d&rsquo;une carri\u00e8re sur le site historique de Saint-Aubin d\u00e9nomm\u00e9 \u00ab\u00a0La Bataille\u00a0\u00bb et les terrains avoisinants\u00a0\u00bb.<\/b><\/td><\/tr><\/table>\n\n\n\n<p><strong>Le 11\/04\/1994<\/strong> : le Ministre A. BAUDSON en charge de l&rsquo;Am\u00e9nagement du territoire rejette le projet.<\/p>\n\n\n\n<p><strong>Le 04\/04\/2000<\/strong> : Apr\u00e8s un premier rejet de sa demande initiale, la S.A. Carmeuse d\u00e9pose une nouvelle demande de 111 ha et une nouvelle proc\u00e9dure se met en route&#8230; \u00e9tudes d&rsquo;incidences par le bureau S.A. PISSART- VAN DER STRICHT, compensatoin planologique en 2005.<br>Le bureau S.A. PISSART &#8211; VAN DER STRICHT bas\u00e9 \u00e0 Esneux, remet en d\u00e9cembre 2003 l&rsquo;\u00e9tude d&rsquo;incidences pour modification du plan de secteur.<\/p>\n\n\n\n<p><strong>Le 01\/04\/2004<\/strong> : le plan de secteur pour l&rsquo;implantation d&rsquo;une carri\u00e8re par la S.A. Carmeuse est adopt\u00e9 provisoirement sous la gouvernance du Ministre Michel FORET.  122 hectares de terres sont concern\u00e9s.<\/p>\n\n\n\n<p><strong>Du 25 f\u00e9vrier 2008 au 09 avril 2008<\/strong> : une premi\u00e8re enqu\u00eate publique pour la modification du plan de secteur a lieu dans la commune de Florennes.<br><br><u>La population se mobilise massivement : <\/u><\/p>\n\n<table width=\"100%\" style=\"border:1px solid black\">\n<tr>\n<td style=\"background-color:#32d985\"><strong>7845 personnes manifestent leur opposition par courrier<\/strong>\n<\/td>\n<\/tr>\n<\/table>\n\n<p>Les communes de Florennes et de Walcourt; ainsi que le minist\u00e8re de la D\u00e9fense (base a\u00e9rienne de Florennes), \u00e9mettent des avis d\u00e9favorables.<br>D&rsquo;autres avis (SWDE,&#8230;) sont conditionn\u00e9s.<br>La CRAT remet un avis favorable conditionn\u00e9 le 30 septembre 2008.<\/p>\n\n\n\n<u><b>Entre 2008 et 2011<\/b> : pas moins de 11 nouvelles \u00e9tudes non soumises \u00e0 enqu\u00eate publique sont men\u00e9es;<\/u> dont :\n\n\n\n<ul>\n<li>Etude socio-\u00e9conomique confidentielle de juillet 2008, commandit\u00e9e par Carmeuse.. et bas\u00e9e sur l&rsquo;hypoth\u00e8se d&rsquo;une sid\u00e9rurgie florissante, \u00e9tudes hydrographiques, etc&#8230;<\/li>\n\n\n\n<li>Cr\u00e9ation d&rsquo;un groupe de travail pour \u00ab\u00a0\u00e9tudier et valoriser l&rsquo;aquif\u00e8re\u00a0\u00bb.  Ce groupe de travail est constitu\u00e9 de 3 carriers (Slovay, Berthe et Carmeuse), de 2 distributeurs d&rsquo;eau (la SWDE et l&rsquo;INASEP), le SPW DGO3 en tant qu&rsquo;observateur; et le bureau d&rsquo;\u00e9tude Aquale de Noville-les-Bois.<br>Celui-ci d\u00e9bouche, en 2009 sur une \u00e9tude intitul\u00e9e : \u00ab\u00a0Projet concert\u00e9 de valorisation des eaux d&rsquo;exhaure &#8211; Rapport final Octobre 2009\u00a0\u00bb.<\/li>\n\n\n\n<li>Une \u00e9tude de fait et de droit actualisant l&rsquo;\u00e9tude d&rsquo;incidence de 2003; r\u00e9alis\u00e9e et commandit\u00e9e par Carmeuse en octobre 2009.<\/li>\n\n\n\n<li>Le 19 mai 2011, une convention pour la valorisation des eaux d&rsquo;exhaure dans le &lsquo;synclinal de Gomez\u00e9e-Florennes&rsquo; est sign\u00e9e entre les trois carriers et les distributeurs d&rsquo;eau.<\/li>\n\n\n\n<li>D&rsquo;autres convention cit\u00e9es dans l&rsquo;A.G. du 15 d\u00e9cembre 2011 restent quant \u00e0 elles, toujours confidentielles.<\/li>\n<\/ul>\n\n\n\n<table style=\"border:1px solid black\"><tr><td><strong>Le 15 d\u00e9cembre 2011<\/strong>, le Gouvernement Wallon vote la modification du plan de secteur Philippeville-Couvin feuille 53\/05.  Celle-ci est sign\u00e9e par le Ministre Philippe Henry ! M.B. du 26\/03\/2012.<\/td><\/tr><\/table>\n\n\n\n<p class=\"has-text-align-center\"><strong>122 hectares de bonnes terres agricoles passent en zone d&rsquo;extraction.<\/strong><\/p>\n\n\n\n<p>LE CRAC mandate l&rsquo;avocat, Ma\u00eetre Jacques SAMBON pour les assister.<\/p>\n\n\n\n<p><strong>Le 05 juin 2012<\/strong>, nous introduisons un recours aupr\u00e8s du Conseil d&rsquo;Etat contre la modification du plan de secteur.<\/p>\n\n\n\n<p><strong>L&rsquo;arr\u00eat du Conseil d&rsquo;Etat n\u00b0226.501 du 20 f\u00e9vrier 2014 rejette le recours introduit pour motif d&rsquo;introduction tardive.<\/strong><br>(une nouvelle jurisprudence : l&rsquo;Arr\u00eat Hennot, post\u00e9rieure \u00e0 l&rsquo;introduction du recours; mais s&rsquo;appliquant n\u00e9anmoins \u00e0 celui-ci, ayant modifi\u00e9 les d\u00e9lais relatifs \u00e0 la proc\u00e9dure).<br><br>&#8230; Les arguments de fond restent toujours valables !<\/p>\n\n\n\n<p><strong>Le 11 juin 2013<\/strong> : la S.A. Carmeuse organise \u00e0 Florennes; la R\u00e9union d&rsquo;Information Pr\u00e9alable (RIP) \u00e0 l&rsquo;\u00e9tude d&rsquo;incidences pour la demande du permis d&rsquo;exploiter.<br><br>Le <strong>Bureau choisi par Carmeuse pour l&rsquo;\u00e9tude d&rsquo;incidences<\/strong> est le &lsquo;Bureau INCITEC SPRL; Rue des \u00e9coles n\u00b07 \u00e0 7971 Beloeil&rsquo;.<br>Le sous-traitant pour la partie hydro-g\u00e9ologique est toujours le bureau AQUALE de Noville-les-Bois.<\/p>\n\n\n\n<p><strong>Le 25 novembre 2014<\/strong> : l&rsquo;\u00e9tude d&rsquo;incidences du bureau INCITEC est termin\u00e9e et communiqu\u00e9e aux 4 communes concern\u00e9es (Florennes, Walcourt, Philippeville et Mettet)<\/p>\n\n\n\n<p><strong><u>Du 18 mai 2015 au 18 juin 2015 a lieu l&rsquo;enqu\u00eate publique pour la demande du permis d&rsquo;environnement.<\/u><\/strong><br>Ce permis de classe 1 concerne l&rsquo;ouverture d&rsquo;une carri\u00e8re de 113 hectares par la soci\u00e9t\u00e9 Carmeuse entre les villages d&rsquo;Hemptinne et de Saint-Aubin.<\/p>\n\n\n\n<table style=\"border:1px solid black\"><tr><td><strong><u>Enqu\u00eate publique du 18\/05\/2015 au 18\/06\/2015 :<\/u><\/strong><br\/>concernant la demande de la S.A. Carmeuse, Rue du Ch\u00e2teau, 13A \u00e0 5300 Seilles, repr\u00e9sent\u00e9e par Messieurs Damien GREGOIRE et Jacques-Bernard DE JONGH, Administrateurs, en vue d\u2019obtenir un permis unique pour l\u2019ouverture d\u2019une carri\u00e8re dont la superficie est sup\u00e9rieure \u00e0 25 ha, la construction et l\u2019exploitation de d\u00e9pendances et d\u2019installations d\u2019exp\u00e9dition et voies d\u2019acc\u00e8s \u2013 avec la cr\u00e9ation, la suppression et la modification de voiries communales (n\u00b0 2,6,7,8,14,32 \u00e0 Hemptinne et Saint-Aubin) \u2013 <strong>projet de cat\u00e9gorie B accompagn\u00e9 d\u2019une \u00e9tude d\u2019incidences sur l\u2019environnement.<\/strong><\/td><\/tr><\/table>\n\n\n\n<table style=\"border:1px solid black\" width=100%><tr style=\"background-color:#32d985\"><td style=\"text-align:center\"><strong>2052<\/strong> personnes notifient et motivent leur opposition par courrier<\/td><\/tr><\/table>\n\n\n\n<p>Le CRAC A.S.B.L. remet un argumentaire de 240 pages.<\/p>\n\n\n\n<p>Les 4 communes concern\u00e9e par l&rsquo;enqu\u00eate publique (Florennes, Philippeville, Mettet et Walcourt) remettent <u>toutes<\/u> un avis n\u00e9gatif contre la demande de permis.<\/p>\n\n\n\n<p><strong>Le 13 mai 2016<\/strong>, les Fonctionnaires d\u00e9l\u00e9gu\u00e9 et technique accordent le permis d&rsquo;exploiter \u00e0 la S.A. Carmeuse.<\/p>\n\n\n\n<strong>Le 01 juin 2016<\/strong> : le CRAC A.S.B.L. introduit un recours administratif (240 pages) aupr\u00e8s du Ministre contre l&rsquo;octroi de ce permis.<br>17 autres recours administratifs sont introduits aupr\u00e8s de la Commission des recours de la R\u00e9gion Wallonne.  Ceux-ci \u00e9manent notamment  : <br>\n<ul>\n    <li>de la commune de Florennes,<\/li>\n    <li>de la D\u00e9fense (base a\u00e9rienne de Florennes), <\/li>\n    <li>d&rsquo;agriculteurs,<\/li>\n    <li>de riverains (tant des abords de la voie ferr\u00e9e que du site de la carri\u00e8re),<\/li>\n    <li>de m\u00e9decins,<\/li>\n    <li>&#8230;<\/li>\n<\/ul>\nLe Ministre Carlo Di Antonio a 100 jours pour statuer sur les recours introduits.\n\n\n\n<p><strong>Le 22 septembre 2016<\/strong>, le permis d&rsquo;environnement (permis unique) est refus\u00e9 par l&rsquo;Administration (voir avis de la DG04)<\/p>\n\n\n\n<p><strong>Le 06 octobre 2016<\/strong>, le ministre Carlo Di Antonio demande \u00e0 son Administration de modifier l&rsquo;avis n\u00e9gatif qu&rsquo;elle avait pr\u00e9alablement remis.<\/p>\n\n\n\n<table style=\"border:1px solid black\"><tr><td><strong>Le 24 octobre 2016, le Ministre Carlo Di Antonio accorde sous conditions le permis d&rsquo;exploiter \u00e0 la S.A. Carmeuse contre l&rsquo;avis n\u00e9gatif \u00e9mis le 22 septembre 2016.<\/strong><\/td><\/tr><\/table>\n\n\n\n<p><strong>Fin d\u00e9cembre 2016, 2 recours sont introduits aupr\u00e8s du Conseil d&rsquo;Etat : l&rsquo;un par CRAC A.S.B.L.; et l&rsquo;autre par la Commune de Florennes.<\/strong><\/p>\n\n\n\n<ul>\n<li>Parties requ\u00e9rantes : CRAC A.S.B.L.  et Commune de Florennes.<\/li>\n\n\n\n<li>Partie adverse : R\u00e9gion Wallonne.<\/li>\n\n\n\n<li>Partie intervenante : S.A. Carmeuse.<\/li>\n<\/ul>\n\n\n\n<table ><tr><td style=\"border:1px solid black\"><b>Pour rappel : <\/b>en 2016, la S.A. Carmeuse d\u00e9posait une demande de permis en vue de l&rsquo;exploitation d&rsquo;un <u>nouveau<\/u> site carrier de 113 hectares, sur le plateau agricole du site dit : \u00ab\u00a0La Bataille\u00a0\u00bb situ\u00e9 entre Hemptinne, Saint-Aubin et le Franc-Bois (Yves-Gomez\u00e9e)<\/td><\/tr><\/table>\n\n\n\n<p><strong>Le 18 ao\u00fbt 2018 <\/strong>: l&rsquo;auditorat du Conseil d&rsquo;Etat se positionne en notre faveur en demandant l&rsquo;annulation du permis octroy\u00e9 le 24 octobre 2016.<\/p>\n\n\n\n<table style=\"border:1px solid black\"><tr><td><b>Le 20 mai 2019<\/b> : <u>le Conseil d&rsquo;Etat annule le permis d&rsquo;exploiter octroy\u00e9 \u00e0 la S.A. Carmeuse le 24 octobre 2016 par le Ministre Carlo Di Antonio.<\/u><br><strong>Arr\u00eat n\u00b0244.548 du 20 mai 2019, Chambre XIII<\/strong><br>Un seul des cinq motifs d\u00e9velopp\u00e9s par le CRAC <b>a suffi pour motiver cette annulation<\/b> : l&rsquo;absence de permis d&rsquo;urbanisme d&rsquo;INFRABEL pour le r\u00e9am\u00e9nagement de 3,5 km de voie ferr\u00e9e entre Saint-Aubin et Yves-Gomez\u00e9e.<\/td><\/tr><\/table>\n\n\n\n<p><strong>Le 31 mai 2019<\/strong> : INFRABEL (et Carmeuse) d\u00e9pose(nt) une nouvelle demande de permis d&rsquo;urbanisme relatif \u00e0 la r\u00e9habilitation de la ligne de chemin de Fer n\u00b0136.<\/p>\n\n\n\n<p><strong>En juin 2019<\/strong> : Carmeuse re-d\u00e9pose une demande de permis d&rsquo;exploiter.<\/p>\n\n\n\n<p><strong>Le 20 ao\u00fbt 2019<\/strong> : le permis est octroy\u00e9 \u00e0 INFRABEL par le Fonctionnaire-d\u00e9l\u00e9gu\u00e9 Marc TOURNAY.  La commune de Walcourt, m\u00e9contente, d\u00e9pose un recours administratif contre cette d\u00e9cision, aupr\u00e8s du Ministre et de son administration.<br>La commune de Florennes introduit \u00e9galement un recours contre le permis INFRABEL aupr\u00e8s du Conseil d&rsquo;Etat, par l&rsquo;entremise de son Conseil : Me Julien Bouillard.<\/p>\n\n\n\n<p><strong>Le 29 ao\u00fbt 2019 :<\/strong> nous recevons une copie d&rsquo;u courrier notifiant au ministre en charge de l&rsquo;Am\u00e9nagement du Territoire et de l&rsquo;Environnement (Carlo DI ANTONIO), un rapport de synth\u00e8se accompagn\u00e9 d&rsquo;une projet d&rsquo;arr\u00eat\u00e9 <strong>favorable, conditionn\u00e9<\/strong> \u00e0la demande.<\/p>\n\n\n\n<p><strong>Le 25 septembre 2019 :<\/strong> \u00e0 peine entr\u00e9s en fonction (le 12 septembre), les nouveaux Ministres C\u00e9line TELLIER (Ecolo), en charge de l&rsquo;environnement;  et Willy BORSU (MR), en charge de l&rsquo;Am\u00e9nagement du territoire accordent le permis, tout en allongeant au passage la dur\u00e9e d&rsquo;exploitation de celui-ci de <u>20 \u00e0 30 ans !<\/u><\/p>\n\n\n\n<p style=\"color:#6b34eb\"><strong>Et pourtant, cette nouvelle autorisation n&rsquo;apporte aucune r\u00e9ponse satisfaisante concernant : <\/strong><ul>\n<li>Le permis d\u00e9livr\u00e9 ne permet pas la restitution des terres du merlon \u00e0 l&rsquo;agriculture dans le d\u00e9lai de 10 ans pr\u00e9vu \u00e0 l&rsquo;article 6 de l&rsquo;arr\u00eat\u00e9 du Gouvernement wallon du 15 d\u00e9cembre 2011.<\/li>\n<li>Les risques de d\u00e9g\u00e2ts au b\u00e2ti et les risques de d\u00e9valuation immobili\u00e8re.<\/li>\n<li>Les ph\u00e9nom\u00e8nes karstiques.<\/li>\n<li>La pr\u00e9servation de l&rsquo;\u00e9quilibre des r\u00e9serves aquif\u00e8res; alors que le changement climatique est ignor\u00e9 et les s\u00e9cheresses \u00e0 r\u00e9p\u00e9tition ne sont pas consid\u00e9r\u00e9es. (voir rubrique <a href=\"http:\/\/crac-asbl.org\/?page_id=75\">[Th\u00e9matique \/ L&rsquo;aquif\u00e8re]<\/a><\/li>\n<li>La sant\u00e9 humaine n&rsquo;est pas prise en compte.  En particulier : aucune analyse ne certifie l&rsquo;absence de silice, dangereuse pour les voies respiratoires, dans les diff\u00e9rentes pierres \u00e0 extraire. (voir rubrique <a href=\"http:\/\/crac-asbl.org\/?page_id=84\">[Th\u00e9matique \/ Poussi\u00e8res et sant\u00e9]<\/a><\/li>\n<li>La modification du paysage; notamment par la constitution d&rsquo;un terril de <b>40 m\u00e8tres de haut<\/b> sur <b>700 m\u00e8tres de long<\/b>, sur une surface totale de <b>35 hectares<\/b>; et qui bordera progressivement, au cours des 30 ann\u00e9es d&rsquo;exploitation, la rue du Fourneau et la rue Sainte Brigide \u00e0 Saint-Aubin.<\/li>\n<li>La compensation de la superficie agricole perdue.  En effet, les fermiers priv\u00e9s de leurs terres n&rsquo;ont toujours re\u00e7u aucune proposition de substitution acceptable malgr\u00e9 la &lsquo;r\u00e9serve fonci\u00e8re&rsquo; que Carmeuse pr\u00e9tend d\u00e9tenir. (voir rubrique <a href=\"http:\/\/crac-asbl.org\/?page_id=81\">[Th\u00e9matique \/ Les terres agricoles]<\/a><\/li>\n<\/ul>\nEn outre, les \u00e9tudes <b><u>(d\u00e9j\u00e0 lacunaires)<\/u><\/b> pr\u00e9c\u00e9demment r\u00e9alis\u00e9es sont entre-temps devenues <b><u>compl\u00e8tement obsol\u00e8tes.<\/u><\/b><\/p>\n<p>Le permis pr\u00e9voit de r\u00e9pondre \u00e0 ces manquements par l&rsquo;isntallation de divers <b>comit\u00e9s<\/b> (technique, agricole, d&rsquo;accompagnement).  Ceux-ci \u00ab\u00a0apporteraient des solutions au cas par cas\u00a0\u00bb.  <b><u>Quel leurre !!!<\/u><\/b><\/p>\n\n\n\n<p><strong>Le 01 octobre 2019<\/strong> : nous recevons la notification de la d\u00e9cision.  Nous disposons d&rsquo;un d\u00e9lai de 60 jours pour introduire un recours au Conseil d&rsquo;Etat !<\/p>\n\n\n\n<p><strong>Le 28 novembre 2019<\/strong> : le CRAC d\u00e9pose aurp\u00e8s du Conseil d&rsquo;Etat, un <strong>nouveau recours<\/strong> en annulation contre le permis d\u00e9livr\u00e9 en septembre par les deux Ministres de la R\u00e9gion Wallonne.<\/p>\n\n\n\n<p><strong>Le 07 juillet 2021<\/strong> : le CRAC A.S.B.L, ainsi que des propri\u00e9taires terrains strat\u00e9giques d\u00e9posent un autre recours (requ\u00eate en annulation, enr\u00f4l\u00e9e sous le num\u00e9ro G\/A 234.043\/ XIII &#8211; 9327) contre l&rsquo;arr\u00eat\u00e9 d&rsquo;expropriation du BEP du 13 janvier 2021.<\/p>\n\n\n\n<p class=\"has-text-align-center\"><strong> Nos griefs restent donc plus que jamais d&rsquo;actualit\u00e9 !<\/strong><\/p>\n\n\n\n<p><strong>Le 11 d\u00e9cembre 2023<\/strong> : le permis pour la r\u00e9habilitation du chemin de fer entre Saint-Aubin et Yves-Gomez\u00e9e est invalid\u00e9 par l&rsquo;Arr\u00eat du Conseil d&rsquo;Etat n\u00b0258.185.; \u00e0 la suite du recours introduit par le Coll\u00e8ge de la Commune de Florennes.<\/p>\n\n\n\n<p class=\"has-text-align-center\"><strong><u>2024 : nos autres recours<\/u><\/strong><\/p>\n\n\n\n<table><tr><td style=\"border:1px solid black\"><p>Il appartient \u00e0 un membre de l&rsquo;Auditorat du Conseil d&rsquo;Etat de faire rapport sur nos recours contre le permis octroy\u00e9 en 2019 et contre l&rsquo;arr\u00eat\u00e9 d&rsquo;expropriation du BEP de 2021, en invoquant la pertinence des moyens invoqu\u00e9s.<\/td><\/tr><\/table>\n","protected":false},"excerpt":{"rendered":"<p>30 ans de r\u00e9sistance Depuis 1993, le CRAC se bat pour d\u00e9fendre la qualit\u00e9 de vie des habitants, nos ressources en eau, nos terres et notre ruralit\u00e9. C.R.A.C. Si\u00e8ge social : \u2003 Rue du Fourneau, 36 \u2003 5620 Saint-Aubin (Florennes) Arrondissement judiciaire de Dinant. \u2003 N\u00b0: 451 103 448 Comit\u00e9 R\u00e9gional Anti-Carri\u00e8re A.S.B.L. Le 08\/06\/1993 &hellip; <\/p>\n<p><a class=\"more-link btn\" href=\"https:\/\/crac-asbl.org\/?page_id=279\">Lire la suite<\/a><\/p>\n","protected":false},"author":2,"featured_media":0,"parent":0,"menu_order":0,"comment_status":"closed","ping_status":"closed","template":"","meta":{"_uag_custom_page_level_css":"","footnotes":""},"uagb_featured_image_src":{"full":false,"thumbnail":false,"medium":false,"medium_large":false,"large":false,"1536x1536":false,"2048x2048":false,"graphene_slider":false,"post-thumbnail":false},"uagb_author_info":{"display_name":"CRAC","author_link":"https:\/\/crac-asbl.org\/?author=2"},"uagb_comment_info":0,"uagb_excerpt":"30 ans de r\u00e9sistance Depuis 1993, le CRAC se bat pour d\u00e9fendre la qualit\u00e9 de vie des habitants, nos ressources en eau, nos terres et notre ruralit\u00e9. C.R.A.C. Si\u00e8ge social : \u2003 Rue du Fourneau, 36 \u2003 5620 Saint-Aubin (Florennes) Arrondissement judiciaire de Dinant. \u2003 N\u00b0: 451 103 448 Comit\u00e9 R\u00e9gional Anti-Carri\u00e8re A.S.B.L. Le 08\/06\/1993\u2026","_links":{"self":[{"href":"https:\/\/crac-asbl.org\/index.php?rest_route=\/wp\/v2\/pages\/279"}],"collection":[{"href":"https:\/\/crac-asbl.org\/index.php?rest_route=\/wp\/v2\/pages"}],"about":[{"href":"https:\/\/crac-asbl.org\/index.php?rest_route=\/wp\/v2\/types\/page"}],"author":[{"embeddable":true,"href":"https:\/\/crac-asbl.org\/index.php?rest_route=\/wp\/v2\/users\/2"}],"replies":[{"embeddable":true,"href":"https:\/\/crac-asbl.org\/index.php?rest_route=%2Fwp%2Fv2%2Fcomments&post=279"}],"version-history":[{"count":30,"href":"https:\/\/crac-asbl.org\/index.php?rest_route=\/wp\/v2\/pages\/279\/revisions"}],"predecessor-version":[{"id":549,"href":"https:\/\/crac-asbl.org\/index.php?rest_route=\/wp\/v2\/pages\/279\/revisions\/549"}],"wp:attachment":[{"href":"https:\/\/crac-asbl.org\/index.php?rest_route=%2Fwp%2Fv2%2Fmedia&parent=279"}],"curies":[{"name":"wp","href":"https:\/\/api.w.org\/{rel}","templated":true}]}}