{"id":251,"date":"2019-09-11T20:47:35","date_gmt":"2019-09-11T18:47:35","guid":{"rendered":"http:\/\/crac-asbl.org\/?page_id=251"},"modified":"2024-03-08T09:05:34","modified_gmt":"2024-03-08T08:05:34","slug":"documents","status":"publish","type":"page","link":"https:\/\/crac-asbl.org\/?page_id=251","title":{"rendered":"Documents"},"content":{"rendered":"\n<p>Vous trouverez ici divers documents officiels :<\/p>\n\n\n\n<ul>\n<li>Echanges de courriers avec l&rsquo;administration (R\u00e9gion Wallonne, Communes, Soci\u00e9t\u00e9s publiques&#8230;)<\/li>\n\n\n\n<li>Les demandes faites par Carmeuse &amp; Cie,<\/li>\n\n\n\n<li>Les r\u00e9ponses et analyses r\u00e9alis\u00e9es ou mandat\u00e9es par le CRAC.<\/li>\n\n\n\n<li>&#8230;<\/li>\n<\/ul>\n\n\n\n<h3 class=\"wp-block-heading\">Le Comit\u00e9 R\u00e9gional Anti-Carri\u00e8re :<\/h3>\n\n\n\n<ul>\n<li><a rel=\"noreferrer noopener\" aria-label=\" (s\u2019ouvre dans un nouvel onglet)\" href=\"http:\/\/crac-asbl.org\/wp-content\/uploads\/2019\/09\/CRAC-LettreOuverteAuGW.pdf\" target=\"_blank\">Lettre ouverte au Gouvernement Wallon suite \u00e0 l&rsquo;avis de la CRAT et du CWEDD.<\/a><\/li>\n\n\n\n<li><a href=\"http:\/\/crac-asbl.org\/wp-content\/uploads\/2019\/10\/CRAC-REMARQUES-SUR-LEIE-du-18-mai-au-18-juin-2015.pdf\" target=\"_blank\" rel=\"noreferrer noopener\" aria-label=\"Remarques sur l'Etude d'Incidence Environnementale (EIE) men\u00e9e par le bureau INCITEC (s\u2019ouvre dans un nouvel onglet)\">Remarques sur l&rsquo;Etude d&rsquo;Incidence Environnementale (EIE) men\u00e9e par le bureau INCITEC<\/a>.<\/li>\n<\/ul>\n\n\n\n<h3 class=\"wp-block-heading\">La R\u00e9gion Wallonne :<\/h3>\n\n\n\n<ul>\n<li><a href=\"http:\/\/crac-asbl.org\/wp-content\/uploads\/2024\/03\/SPW-Permis_INFRABEL-20190820.pdf\">Permis d&rsquo;urbanisme pour la r\u00e9habilitation de la ligne de chemin de fer 136 &#8211; Demande d&rsquo;Infrabel et d\u00e9cision du SPW le 20 ao\u00fbt 2019<\/a><\/li>\n\n\n\n<li><a aria-label=\" (s\u2019ouvre dans un nouvel onglet)\" href=\"http:\/\/crac-asbl.org\/wp-content\/uploads\/2019\/10\/Carmeuse_Permis_20191001_OCR_Pages_1-207_Annexe1.pdf\" target=\"_blank\" rel=\"noreferrer noopener\">permis d&rsquo;exploitation accord\u00e9 par la R\u00e9gion Wallonne \u00e0 la S.A. Carmeuse, en date du 25 septembre 2019.<\/a><\/li>\n\n\n\n<li><a href=\"http:\/\/crac-asbl.org\/wp-content\/uploads\/2019\/09\/GW-RapportDeSynthese-Juin2009.pdf\" target=\"_blank\" rel=\"noreferrer noopener\" aria-label=\" (s\u2019ouvre dans un nouvel onglet)\">Synth\u00e8se de proc\u00e9dure du mois de juin 2008 proposant de ne pas adopter la r\u00e9vision du plan de secteur<\/a><\/li>\n<\/ul>\n\n\n\n<h3 class=\"wp-block-heading\">La Commune de Florennes :<\/h3>\n\n\n\n<h4 class=\"wp-block-heading\">D\u00e9lib\u00e9rations du Conseil Communal <\/h4>\n\n\n\n<ul>\n<li><a rel=\"noreferrer noopener\" aria-label=\" (s\u2019ouvre dans un nouvel onglet)\" href=\"http:\/\/crac-asbl.org\/wp-content\/uploads\/2019\/09\/Florennes-20080521-Position.pdf\" target=\"_blank\">D\u00e9lib\u00e9ration du Conseil Communal du 21 mai 2008 : opposition unanime \u00e0 la modification du plan de secteur.<\/a><\/li>\n<\/ul>\n\n\n\n<h4 class=\"wp-block-heading\">Politique<\/h4>\n\n\n\n<p>Position des 5 listes florennoises pr\u00e9sentes aux \u00e9lections de 2012 :<\/p>\n\n\n\n<ol>\n<li><a rel=\"noreferrer noopener\" aria-label=\" (s\u2019ouvre dans un nouvel onglet)\" href=\"http:\/\/crac-asbl.org\/wp-content\/uploads\/2019\/09\/Elections_oct_2012_reponse_Alternative_2020.pdf\" target=\"_blank\">Alternative 2020<\/a><\/li>\n\n\n\n<li><a rel=\"noreferrer noopener\" aria-label=\" (s\u2019ouvre dans un nouvel onglet)\" href=\"http:\/\/crac-asbl.org\/wp-content\/uploads\/2019\/09\/Elections_oct_2012_reponse_Contact_21.pdf\" target=\"_blank\">Contact 21<\/a><\/li>\n\n\n\n<li><a rel=\"noreferrer noopener\" aria-label=\" (s\u2019ouvre dans un nouvel onglet)\" href=\"http:\/\/crac-asbl.org\/wp-content\/uploads\/2019\/09\/Elections_oct_2012_reponse_USC.pdf\" target=\"_blank\">USC &#8211; PS<\/a><\/li>\n\n\n\n<li><a rel=\"noreferrer noopener\" aria-label=\" (s\u2019ouvre dans un nouvel onglet)\" href=\"http:\/\/crac-asbl.org\/wp-content\/uploads\/2019\/09\/Elections_oct_2012_reponse_Union_des_11_communes.pdf\" target=\"_blank\">Union des 11 communes<\/a><\/li>\n\n\n\n<li><a href=\"http:\/\/crac-asbl.org\/wp-content\/uploads\/2019\/09\/Elections_oct_2012_reponse_Ecolo.pdf\" target=\"_blank\" rel=\"noreferrer noopener\" aria-label=\" (s\u2019ouvre dans un nouvel onglet)\">Ecolo<\/a><\/li>\n<\/ol>\n\n\n\n<h3 class=\"wp-block-heading\">La Commune de Walcourt :<\/h3>\n\n\n\n<ul>\n<li><a href=\"http:\/\/crac-asbl.org\/wp-content\/uploads\/2019\/09\/Walcourt-20051121-Position.pdf\" target=\"_blank\" rel=\"noreferrer noopener\" aria-label=\" (s\u2019ouvre dans un nouvel onglet)\">D\u00e9lib\u00e9ration du Conseil Communal du 21 novembre 2005 : r\u00e9it\u00e8re son &lsquo;opposition \u00e0 la modification du plan de secteur&rsquo;, et \u00e0 &lsquo;la cr\u00e9ation d&rsquo;une carri\u00e8re au lieu dit : La Bataille\u00a0\u00bb.<\/a><\/li>\n<\/ul>\n\n\n\n<h3 class=\"wp-block-heading\">Le Parlement de Wallonie :<\/h3>\n\n\n\n<h4 class=\"wp-block-heading\">Questions parlementaires :<\/h4>\n\n\n\n<ol>\n<li><a rel=\"noreferrer noopener\" aria-label=\" (s\u2019ouvre dans un nouvel onglet)\" href=\"http:\/\/crac-asbl.org\/wp-content\/uploads\/2019\/09\/QPA_question_de_Mr_Lebrun_a_Mr_Henry_du_20100602.pdf\" target=\"_blank\">Question du D\u00e9put\u00e9 Michel Lebrun \u00e0 Monsieur le Ministre Henry du 02\/06\/2010<\/a><\/li>\n\n\n\n<li><a rel=\"noreferrer noopener\" aria-label=\" (s\u2019ouvre dans un nouvel onglet)\" href=\"http:\/\/crac-asbl.org\/wp-content\/uploads\/2019\/09\/QPA_question_de_Mr_Maene_et_Mr_Borsus_du_20110928.pdf\" target=\"_blank\">Question des D\u00e9put\u00e9s Jean-Claude Maene et Willy Borsus du 28\/09\/2011<\/a><\/li>\n\n\n\n<li><a rel=\"noreferrer noopener\" aria-label=\" (s\u2019ouvre dans un nouvel onglet)\" href=\"http:\/\/crac-asbl.org\/wp-content\/uploads\/2019\/09\/QPA_question_de_Mr_Lebrun_du_20111017_reponse_du_20111208.pdf\" target=\"_blank\">Question du D\u00e9put\u00e9 Michel Lebrun \u00e0 Monsieur le Ministre Henry du 17\/10\/2011<\/a><\/li>\n\n\n\n<li><a rel=\"noreferrer noopener\" aria-label=\" (s\u2019ouvre dans un nouvel onglet)\" href=\"http:\/\/crac-asbl.org\/wp-content\/uploads\/2019\/09\/QPA_question_de_Mr_Maene_et_Borsus_du_20111011.pdf\" target=\"_blank\">Question des D\u00e9put\u00e9s Jean-Claude Maene et Willy Borsus du 11\/10\/2011<\/a><\/li>\n\n\n\n<li><a rel=\"noreferrer noopener\" aria-label=\" (s\u2019ouvre dans un nouvel onglet)\" href=\"http:\/\/crac-asbl.org\/wp-content\/uploads\/2019\/09\/QPA_question_de_Mr_Maene_du_20111026.pdf\" target=\"_blank\">Question du D\u00e9put\u00e9 Jean-Claude Maene du 26\/10\/2011<\/a><\/li>\n\n\n\n<li><a rel=\"noreferrer noopener\" aria-label=\" (s\u2019ouvre dans un nouvel onglet)\" href=\"http:\/\/crac-asbl.org\/wp-content\/uploads\/2019\/09\/QPA_question_de_Mr_Maene_et_Mr_Lebrun_du_20120228.pdf\" target=\"_blank\">Question des D\u00e9put\u00e9s Jean-Claude Maene et Lebrun du 28\/02\/2012<\/a><\/li>\n\n\n\n<li><a rel=\"noreferrer noopener\" aria-label=\" (s\u2019ouvre dans un nouvel onglet)\" href=\"http:\/\/crac-asbl.org\/wp-content\/uploads\/2019\/09\/QPA_question_de_Mr_Maene_du_20120508.pdf\" target=\"_blank\">Question du D\u00e9put\u00e9 Jean-Claude Maene du 08\/05\/2012<\/a><\/li>\n\n\n\n<li><a href=\"http:\/\/crac-asbl.org\/wp-content\/uploads\/2019\/09\/QPA_question_de_Mr_Maene_a_Mr_Henry_du_20110720.pdf\" target=\"_blank\" rel=\"noreferrer noopener\" aria-label=\" (s\u2019ouvre dans un nouvel onglet)\">Question du D\u00e9put\u00e9 Jean-Claude Maene du 20\/07\/2011<\/a><\/li>\n<\/ol>\n","protected":false},"excerpt":{"rendered":"<p>Vous trouverez ici divers documents officiels : Le Comit\u00e9 R\u00e9gional Anti-Carri\u00e8re : La R\u00e9gion Wallonne : La Commune de Florennes : D\u00e9lib\u00e9rations du Conseil Communal Politique Position des 5 listes florennoises pr\u00e9sentes aux \u00e9lections de 2012 : La Commune de Walcourt : Le Parlement de Wallonie : Questions parlementaires :<\/p>\n","protected":false},"author":2,"featured_media":0,"parent":0,"menu_order":0,"comment_status":"closed","ping_status":"closed","template":"","meta":{"_uag_custom_page_level_css":"","footnotes":""},"uagb_featured_image_src":{"full":false,"thumbnail":false,"medium":false,"medium_large":false,"large":false,"1536x1536":false,"2048x2048":false,"graphene_slider":false,"post-thumbnail":false},"uagb_author_info":{"display_name":"CRAC","author_link":"https:\/\/crac-asbl.org\/?author=2"},"uagb_comment_info":0,"uagb_excerpt":"Vous trouverez ici divers documents officiels : Le Comit\u00e9 R\u00e9gional Anti-Carri\u00e8re : La R\u00e9gion Wallonne : La Commune de Florennes : D\u00e9lib\u00e9rations du Conseil Communal Politique Position des 5 listes florennoises pr\u00e9sentes aux \u00e9lections de 2012 : La Commune de Walcourt : Le Parlement de Wallonie : Questions parlementaires :","_links":{"self":[{"href":"https:\/\/crac-asbl.org\/index.php?rest_route=\/wp\/v2\/pages\/251"}],"collection":[{"href":"https:\/\/crac-asbl.org\/index.php?rest_route=\/wp\/v2\/pages"}],"about":[{"href":"https:\/\/crac-asbl.org\/index.php?rest_route=\/wp\/v2\/types\/page"}],"author":[{"embeddable":true,"href":"https:\/\/crac-asbl.org\/index.php?rest_route=\/wp\/v2\/users\/2"}],"replies":[{"embeddable":true,"href":"https:\/\/crac-asbl.org\/index.php?rest_route=%2Fwp%2Fv2%2Fcomments&post=251"}],"version-history":[{"count":13,"href":"https:\/\/crac-asbl.org\/index.php?rest_route=\/wp\/v2\/pages\/251\/revisions"}],"predecessor-version":[{"id":576,"href":"https:\/\/crac-asbl.org\/index.php?rest_route=\/wp\/v2\/pages\/251\/revisions\/576"}],"wp:attachment":[{"href":"https:\/\/crac-asbl.org\/index.php?rest_route=%2Fwp%2Fv2%2Fmedia&parent=251"}],"curies":[{"name":"wp","href":"https:\/\/api.w.org\/{rel}","templated":true}]}}