{"id":24,"date":"2019-08-19T16:58:21","date_gmt":"2019-08-19T14:58:21","guid":{"rendered":"http:\/\/crac-asbl.org\/?page_id=24"},"modified":"2024-01-22T15:41:18","modified_gmt":"2024-01-22T14:41:18","slug":"lasbl","status":"publish","type":"page","link":"https:\/\/crac-asbl.org\/?page_id=24","title":{"rendered":"Presentation de l&rsquo;ASBL"},"content":{"rendered":"\n<p>L&rsquo;ASBL &lsquo;Comit\u00e9 R\u00e9gional Anti-Carri\u00e8re&rsquo; (Arrodissemnent judiciaire de Dinant) s&rsquo;oppose l\u00e9galement \u00e0 l&rsquo;implantation d&rsquo;une immense carri\u00e8re sur site du lieu-dit, le &lsquo;plateau de la Bataille&rsquo; (<a href=\"http:\/\/crac-asbl.org\/wp-content\/uploads\/2019\/09\/CRAC-Histoire-BatailleDu12sept1015.pdf\" target=\"_blank\" rel=\"noreferrer noopener\" aria-label=\" (s\u2019ouvre dans un nouvel onglet)\">un peu d&rsquo;histoire&#8230; m\u00e9di\u00e9vale<\/a>, <a rel=\"noreferrer noopener\" aria-label=\" (s\u2019ouvre dans un nouvel onglet)\" href=\"http:\/\/crac-asbl.org\/wp-content\/uploads\/2019\/09\/Carte_2carriereshabitat.pdf\" target=\"_blank\">carte du projet de carri\u00e8re<\/a>), situ\u00e9 entre Hemptinne et Saint-Aubin.<\/p>\n\n\n\n<p>Rue du Fourneau, 36<br>5620 Saint-Aubin<br>Belgique<br><br>Tel : +32 (0) 71 689578<br>Courriel : crac.florennes@hotmail.com <br><br>Num\u00e9ro d&rsquo;entreprise : 451.103.448<\/p>\n\n\n\n<p>Son conseil d&rsquo;administration est compos\u00e9 de : Reman C\u00e9cile, Liessens Michel, Godart Charles, Balle Daniel, Mahieux Luc, Dupuis Xavier et Gobeaux Christian.<\/p>\n\n\n\n<p style=\"font-size:115%\"><b>Historique de notre combat&#8230; de 1993 \u00e0 aujourd&rsquo;hui : <a href=\"http:\/\/crac-asbl.org\/?page_id=279\">cliquez ici !<\/a><\/b>\n\n\n\n<h4 class=\"wp-block-heading\">Vous trouverez ci-dessous 2 documents de r\u00e9f\u00e9rence du CRAC : <br>&#8230; \u00e0 lire absolument !!!<\/h4>\n\n\n\n<ul>\n<li><a rel=\"noreferrer noopener\" aria-label=\" (s\u2019ouvre dans un nouvel onglet)\" href=\"http:\/\/crac-asbl.org\/wp-content\/uploads\/2019\/09\/CRAC-Argumentaire.pdf\" target=\"_blank\">Argumentaire contre l&rsquo;implantation d&rsquo;une zone d&rsquo;extraction \u00e0 Hemptinne (Florennes), au lieu-dit \u00ab\u00a0La Bataille\u00a0\u00bb.<\/a><\/li>\n\n\n\n<li><a href=\"http:\/\/crac-asbl.org\/wp-content\/uploads\/2019\/09\/CRAC-Effondrements.pdf\" target=\"_blank\" rel=\"noreferrer noopener\" aria-label=\" (s\u2019ouvre dans un nouvel onglet)\">Un plaidoyer contre l&rsquo;implantation da la nouvelle carri\u00e8re et ses cons\u00e9quences n\u00e9fastes pour toute une r\u00e9gion !<\/a><\/li>\n<\/ul>\n\n\n\n<h4 class=\"wp-block-heading\">Nos campagnes d&rsquo;information :<\/h4>\n\n\n\n<ul>\n<li><a rel=\"noreferrer noopener\" aria-label=\" (s\u2019ouvre dans un nouvel onglet)\" href=\"http:\/\/crac-asbl.org\/wp-content\/uploads\/2019\/09\/CRAC-ToutesBoites-201012.pdf\" target=\"_blank\">Courrier &lsquo;toutes bo\u00eetes&rsquo; du mois de d\u00e9cembre 2010.<\/a><\/li>\n\n\n\n<li><a href=\"http:\/\/crac-asbl.org\/wp-content\/uploads\/2019\/09\/CRAC-ToutesBoites-201208-FormatA5.pdf\" target=\"_blank\" rel=\"noreferrer noopener\" aria-label=\" (s\u2019ouvre dans un nouvel onglet)\">Courrier &lsquo;toutes-bo\u00eetes&rsquo; du mois d&rsquo;ao\u00fbt 2012.<\/a><\/li>\n<\/ul>\n","protected":false},"excerpt":{"rendered":"<p>L&rsquo;ASBL &lsquo;Comit\u00e9 R\u00e9gional Anti-Carri\u00e8re&rsquo; (Arrodissemnent judiciaire de Dinant) s&rsquo;oppose l\u00e9galement \u00e0 l&rsquo;implantation d&rsquo;une immense carri\u00e8re sur site du lieu-dit, le &lsquo;plateau de la Bataille&rsquo; (un peu d&rsquo;histoire&#8230; m\u00e9di\u00e9vale, carte du projet de carri\u00e8re), situ\u00e9 entre Hemptinne et Saint-Aubin. Rue du Fourneau, 365620 Saint-AubinBelgique Tel : +32 (0) 71 689578Courriel : crac.florennes@hotmail.com Num\u00e9ro d&rsquo;entreprise : 451.103.448 &hellip; <\/p>\n<p><a class=\"more-link btn\" href=\"https:\/\/crac-asbl.org\/?page_id=24\">Lire la suite<\/a><\/p>\n","protected":false},"author":2,"featured_media":0,"parent":0,"menu_order":0,"comment_status":"closed","ping_status":"closed","template":"","meta":{"_uag_custom_page_level_css":"","footnotes":""},"uagb_featured_image_src":{"full":false,"thumbnail":false,"medium":false,"medium_large":false,"large":false,"1536x1536":false,"2048x2048":false,"graphene_slider":false,"post-thumbnail":false},"uagb_author_info":{"display_name":"CRAC","author_link":"https:\/\/crac-asbl.org\/?author=2"},"uagb_comment_info":0,"uagb_excerpt":"L&rsquo;ASBL &lsquo;Comit\u00e9 R\u00e9gional Anti-Carri\u00e8re&rsquo; (Arrodissemnent judiciaire de Dinant) s&rsquo;oppose l\u00e9galement \u00e0 l&rsquo;implantation d&rsquo;une immense carri\u00e8re sur site du lieu-dit, le &lsquo;plateau de la Bataille&rsquo; (un peu d&rsquo;histoire&#8230; m\u00e9di\u00e9vale, carte du projet de carri\u00e8re), situ\u00e9 entre Hemptinne et Saint-Aubin. Rue du Fourneau, 365620 Saint-AubinBelgique Tel : +32 (0) 71 689578Courriel : crac.florennes@hotmail.com Num\u00e9ro d&rsquo;entreprise : 451.103.448\u2026","_links":{"self":[{"href":"https:\/\/crac-asbl.org\/index.php?rest_route=\/wp\/v2\/pages\/24"}],"collection":[{"href":"https:\/\/crac-asbl.org\/index.php?rest_route=\/wp\/v2\/pages"}],"about":[{"href":"https:\/\/crac-asbl.org\/index.php?rest_route=\/wp\/v2\/types\/page"}],"author":[{"embeddable":true,"href":"https:\/\/crac-asbl.org\/index.php?rest_route=\/wp\/v2\/users\/2"}],"replies":[{"embeddable":true,"href":"https:\/\/crac-asbl.org\/index.php?rest_route=%2Fwp%2Fv2%2Fcomments&post=24"}],"version-history":[{"count":13,"href":"https:\/\/crac-asbl.org\/index.php?rest_route=\/wp\/v2\/pages\/24\/revisions"}],"predecessor-version":[{"id":553,"href":"https:\/\/crac-asbl.org\/index.php?rest_route=\/wp\/v2\/pages\/24\/revisions\/553"}],"wp:attachment":[{"href":"https:\/\/crac-asbl.org\/index.php?rest_route=%2Fwp%2Fv2%2Fmedia&parent=24"}],"curies":[{"name":"wp","href":"https:\/\/api.w.org\/{rel}","templated":true}]}}